{"id":488,"date":"2022-11-11T21:20:59","date_gmt":"2022-11-11T20:20:59","guid":{"rendered":"https:\/\/maraisdesmures.fr\/?page_id=488"},"modified":"2022-12-11T19:25:02","modified_gmt":"2022-12-11T18:25:02","slug":"le-marais-la-bourbre-et-la-ville","status":"publish","type":"page","link":"https:\/\/maraisdesmures.fr\/?page_id=488","title":{"rendered":"Dans le marais"},"content":{"rendered":"\n<div class=\"wp-block-group alignfull has-raft-bg-background-color has-background is-layout-flow wp-block-group-is-layout-flow\">\n<div class=\"wp-block-columns alignwide is-layout-flex wp-container-core-columns-is-layout-28f84493 wp-block-columns-is-layout-flex\">\n<div class=\"wp-block-column is-layout-flow wp-block-column-is-layout-flow\">\n<div style=\"height:100px\" aria-hidden=\"true\" class=\"wp-block-spacer\"><\/div>\n\n\n\n<h6 class=\"has-text-color wp-block-heading\" id=\"ecosystem\" style=\"color:#000000\">La ferme<\/h6>\n\n\n\n<p class=\"has-text-color\" style=\"color:#000000;font-size:5vw;line-height:1.1\"><strong>Dans le marais<\/strong><\/p>\n\n\n\n<div style=\"height:5px\" aria-hidden=\"true\" class=\"wp-block-spacer\"><\/div>\n<\/div>\n<\/div>\n\n\n\n<div class=\"wp-block-columns alignwide is-layout-flex wp-container-core-columns-is-layout-28f84493 wp-block-columns-is-layout-flex\">\n<div class=\"wp-block-column is-layout-flow wp-block-column-is-layout-flow\" style=\"flex-basis:60%\">\n<p class=\"has-text-align-left has-text-color has-extra-small-font-size\" style=\"color:#000000\">La ferme est situ\u00e9e dans le marais de la Bourbre, entre Bourgoin-Jallieu et l&rsquo;Isle d&rsquo;Abeau. <\/p>\n\n\n\n<p class=\"has-text-align-left has-text-color has-extra-small-font-size\" style=\"color:#000000\">Ici, la terre est plate! La pente est tr\u00e8s faible, l&rsquo;eau s&rsquo;\u00e9coule peu, la nappe est sous nos pieds, et ils prennent parfois l&rsquo;eau. <\/p>\n\n\n\n<p class=\"has-text-align-left has-text-color has-extra-small-font-size\" style=\"color:#000000\">Nous sommes dans les limons fertiles de la plaine de la Bourbre! Nous sommes dans le marais, origine \u00e9thymologique du mara\u00eechage. La boucle est boucl\u00e9e.<\/p>\n\n\n\n<div style=\"height:41px\" aria-hidden=\"true\" class=\"wp-block-spacer\"><\/div>\n<\/div>\n\n\n\n<div class=\"wp-block-column is-layout-flow wp-block-column-is-layout-flow\" style=\"flex-basis:40%\">\n<figure class=\"wp-block-image size-full is-resized\"><img loading=\"lazy\" decoding=\"async\" src=\"https:\/\/maraisdesmures.fr\/wp-content\/uploads\/2022\/11\/Capture-du-2022-11-27-19-29-52.png\" alt=\"\" class=\"wp-image-735\" width=\"410\" height=\"352\" srcset=\"https:\/\/maraisdesmures.fr\/wp-content\/uploads\/2022\/11\/Capture-du-2022-11-27-19-29-52.png 480w, https:\/\/maraisdesmures.fr\/wp-content\/uploads\/2022\/11\/Capture-du-2022-11-27-19-29-52-300x258.png 300w\" sizes=\"auto, (max-width: 410px) 100vw, 410px\" \/><figcaption class=\"wp-element-caption\">Carte de Cassini : la Bourbre n&rsquo;est pas encore canalis\u00e9e<\/figcaption><\/figure>\n<\/div>\n<\/div>\n\n\n\n<div class=\"wp-block-columns alignwide is-layout-flex wp-container-core-columns-is-layout-28f84493 wp-block-columns-is-layout-flex\">\n<div class=\"wp-block-column is-layout-flow wp-block-column-is-layout-flow\" style=\"flex-basis:67%\">\n<div style=\"height:28px\" aria-hidden=\"true\" class=\"wp-block-spacer\"><\/div>\n\n\n\n<figure class=\"wp-block-image aligncenter size-large is-resized\"><img loading=\"lazy\" decoding=\"async\" src=\"https:\/\/maraisdesmures.fr\/wp-content\/uploads\/2022\/11\/20220512_163337-edited-rotated-e1669574535549-1009x1024.jpg\" alt=\"\" class=\"wp-image-736\" width=\"333\" height=\"337\" srcset=\"https:\/\/maraisdesmures.fr\/wp-content\/uploads\/2022\/11\/20220512_163337-edited-rotated-e1669574535549-1009x1024.jpg 1009w, https:\/\/maraisdesmures.fr\/wp-content\/uploads\/2022\/11\/20220512_163337-edited-rotated-e1669574535549-296x300.jpg 296w, https:\/\/maraisdesmures.fr\/wp-content\/uploads\/2022\/11\/20220512_163337-edited-rotated-e1669574535549-768x779.jpg 768w, https:\/\/maraisdesmures.fr\/wp-content\/uploads\/2022\/11\/20220512_163337-edited-rotated-e1669574535549.jpg 1435w\" sizes=\"auto, (max-width: 333px) 100vw, 333px\" \/><figcaption class=\"wp-element-caption\">La chenille a fait sa m\u00e9tamorphose <\/figcaption><\/figure>\n<\/div>\n\n\n\n<div class=\"wp-block-column is-vertically-aligned-top is-layout-flow wp-block-column-is-layout-flow\" style=\"flex-basis:70%\">\n<p class=\"has-text-color has-extra-small-font-size\" style=\"color:#000000\">Ces marais ont \u00e9t\u00e9 am\u00e9nag\u00e9s par l&rsquo;homme il y a des si\u00e8cles pour les rendre \u00ab\u00a0salubres\u00a0\u00bb et bien drain\u00e9s, adapt\u00e9s \u00e0 ses usages. Sans le r\u00e9seau de foss\u00e9s qui aide l&rsquo;eau \u00e0 s&rsquo;\u00e9couler, la nature aurait gard\u00e9 tous ses droits mais les terres seraient incultes. <\/p>\n\n\n\n<p class=\"has-black-color has-text-color\">M\u00eame am\u00e9nag\u00e9 par l&rsquo;humain, le marais pr\u00e9sente des habitats uniques pour les autres esp\u00e8ces. J&rsquo;ai la chance de travailler tous les jours avec cette richesse naturelle sous les yeux. Et tant de diversit\u00e9 et de niches \u00e9cologiques sur mes parcelles rend bien service \u00e0 mes cultures!<\/p>\n<\/div>\n<\/div>\n<\/div>\n","protected":false},"excerpt":{"rendered":"<p>La ferme Dans le marais La ferme est situ\u00e9e dans le marais de la Bourbre, entre Bourgoin-Jallieu et l&rsquo;Isle d&rsquo;Abeau. Ici, la terre est plate! La pente est tr\u00e8s faible, l&rsquo;eau s&rsquo;\u00e9coule peu, la nappe est sous nos pieds, et ils prennent parfois l&rsquo;eau. Nous sommes dans les limons fertiles de la plaine de la [&hellip;]<\/p>\n","protected":false},"author":1,"featured_media":0,"parent":187,"menu_order":0,"comment_status":"closed","ping_status":"closed","template":"template-blank","meta":{"_themeisle_gutenberg_block_has_review":false,"footnotes":""},"class_list":["post-488","page","type-page","status-publish","hentry"],"_links":{"self":[{"href":"https:\/\/maraisdesmures.fr\/index.php?rest_route=\/wp\/v2\/pages\/488","targetHints":{"allow":["GET"]}}],"collection":[{"href":"https:\/\/maraisdesmures.fr\/index.php?rest_route=\/wp\/v2\/pages"}],"about":[{"href":"https:\/\/maraisdesmures.fr\/index.php?rest_route=\/wp\/v2\/types\/page"}],"author":[{"embeddable":true,"href":"https:\/\/maraisdesmures.fr\/index.php?rest_route=\/wp\/v2\/users\/1"}],"replies":[{"embeddable":true,"href":"https:\/\/maraisdesmures.fr\/index.php?rest_route=%2Fwp%2Fv2%2Fcomments&post=488"}],"version-history":[{"count":19,"href":"https:\/\/maraisdesmures.fr\/index.php?rest_route=\/wp\/v2\/pages\/488\/revisions"}],"predecessor-version":[{"id":905,"href":"https:\/\/maraisdesmures.fr\/index.php?rest_route=\/wp\/v2\/pages\/488\/revisions\/905"}],"up":[{"embeddable":true,"href":"https:\/\/maraisdesmures.fr\/index.php?rest_route=\/wp\/v2\/pages\/187"}],"wp:attachment":[{"href":"https:\/\/maraisdesmures.fr\/index.php?rest_route=%2Fwp%2Fv2%2Fmedia&parent=488"}],"curies":[{"name":"wp","href":"https:\/\/api.w.org\/{rel}","templated":true}]}}